{"id":6926,"date":"2022-05-24T11:13:44","date_gmt":"2022-05-24T11:13:44","guid":{"rendered":"https:\/\/www.villaederamalcesine.com\/gardasee\/?page_id=6926"},"modified":"2025-01-09T09:43:51","modified_gmt":"2025-01-09T09:43:51","slug":"condizioni-generali","status":"publish","type":"page","link":"https:\/\/www.villaederamalcesine.com\/gardasee\/condizioni-generali\/","title":{"rendered":"Condizioni Generali"},"content":{"rendered":"\t\t<div data-elementor-type=\"wp-page\" data-elementor-id=\"6926\" class=\"elementor elementor-6926\">\n\t\t\t\t\t\t<section class=\"elementor-section elementor-top-section elementor-element elementor-element-b748679 elementor-section-stretched elementor-section-content-middle elementor-section-boxed elementor-section-height-default elementor-section-height-default\" data-id=\"b748679\" data-element_type=\"section\" data-e-type=\"section\" data-settings=\"{&quot;stretch_section&quot;:&quot;section-stretched&quot;,&quot;background_background&quot;:&quot;classic&quot;}\">\n\t\t\t\t\t\t\t<div class=\"elementor-background-overlay\"><\/div>\n\t\t\t\t\t\t\t<div class=\"elementor-container elementor-column-gap-default\">\n\t\t\t\t\t<div class=\"elementor-column elementor-col-100 elementor-top-column elementor-element elementor-element-9f4330b\" data-id=\"9f4330b\" data-element_type=\"column\" data-e-type=\"column\">\n\t\t\t<div class=\"elementor-widget-wrap elementor-element-populated\">\n\t\t\t\t\t\t<div class=\"elementor-element elementor-element-5d8803ea elementor-widget elementor-widget-heading\" data-id=\"5d8803ea\" data-element_type=\"widget\" data-e-type=\"widget\" data-widget_type=\"heading.default\">\n\t\t\t\t<div class=\"elementor-widget-container\">\n\t\t\t\t\t<h1 class=\"elementor-heading-title elementor-size-default\">ALLGEMEINE HINWEISE<\/h1>\t\t\t\t<\/div>\n\t\t\t\t<\/div>\n\t\t\t\t\t<\/div>\n\t\t<\/div>\n\t\t\t\t\t<\/div>\n\t\t<\/section>\n\t\t\t\t<section class=\"elementor-section elementor-top-section elementor-element elementor-element-71433ac2 elementor-section-content-top elementor-section-stretched elementor-section-boxed elementor-section-height-default elementor-section-height-default\" data-id=\"71433ac2\" data-element_type=\"section\" data-e-type=\"section\" data-settings=\"{&quot;stretch_section&quot;:&quot;section-stretched&quot;,&quot;background_background&quot;:&quot;classic&quot;}\">\n\t\t\t\t\t\t\t<div class=\"elementor-background-overlay\"><\/div>\n\t\t\t\t\t\t\t<div class=\"elementor-container elementor-column-gap-default\">\n\t\t\t\t\t<div class=\"elementor-column elementor-col-100 elementor-top-column elementor-element elementor-element-1a081c18\" data-id=\"1a081c18\" data-element_type=\"column\" data-e-type=\"column\">\n\t\t\t<div class=\"elementor-widget-wrap elementor-element-populated\">\n\t\t\t\t\t\t<div class=\"elementor-element elementor-element-6b7eaff elementor-widget elementor-widget-heading\" data-id=\"6b7eaff\" data-element_type=\"widget\" data-e-type=\"widget\" data-widget_type=\"heading.default\">\n\t\t\t\t<div class=\"elementor-widget-container\">\n\t\t\t\t\t<h5 class=\"elementor-heading-title elementor-size-default\">ALLGEMEINE BUCHUNGSBEDINGUNGEN<\/h5>\t\t\t\t<\/div>\n\t\t\t\t<\/div>\n\t\t\t\t\t<\/div>\n\t\t<\/div>\n\t\t\t\t\t<\/div>\n\t\t<\/section>\n\t\t\t\t<section class=\"elementor-section elementor-top-section elementor-element elementor-element-99b21fe elementor-section-boxed elementor-section-height-default elementor-section-height-default\" data-id=\"99b21fe\" data-element_type=\"section\" data-e-type=\"section\">\n\t\t\t\t\t\t<div class=\"elementor-container elementor-column-gap-default\">\n\t\t\t\t\t<div class=\"elementor-column elementor-col-100 elementor-top-column elementor-element elementor-element-baf2b0f\" data-id=\"baf2b0f\" data-element_type=\"column\" data-e-type=\"column\">\n\t\t\t<div class=\"elementor-widget-wrap elementor-element-populated\">\n\t\t\t\t\t\t<div class=\"elementor-element elementor-element-20d7599 elementor-widget elementor-widget-text-editor\" data-id=\"20d7599\" data-element_type=\"widget\" data-e-type=\"widget\" data-widget_type=\"text-editor.default\">\n\t\t\t\t<div class=\"elementor-widget-container\">\n\t\t\t\t\t\t\t\t\t<p><strong>ALLGEMEINE HINWEISE:<\/strong><\/p><ul><li>Die Zimmer sind ab 13.00 Uhr am Anreisetag zur Verf\u00fcgung und m\u00fcssen vor 10.00 Uhr am Abreisetag frei lassen werden.<\/li><li>Ankunftszeit m\u00f6glich von 13.00 bis 20.00 Uhr.<br \/>Bitte informieren Sie das Hotel vorab, wenn Sie nach 20:00 Uhr anreisen.<\/li><li>Check-in Zeit zwischen 23.00 und 07.00 Uhr ist nicht zugelassen.<\/li><li>Die Reservierung ist nur mit der Zusendung\u00a0einer Anzahlung von \u20ac 100,00\u00a0(pro Zimmer) best\u00e4tigt.<\/li><li>Zahlarten: Bargeld, Bankomat \/ Kreditkarte \/ EC karte (ausser American Express).<\/li><li>Wir informieren Sie, dass ab 01.01.2016 die Gemeinde von Malcesine eine Aufenthaltsabgabe einf\u00fchren wird, die fuer allen G\u00e4sten aelter als 15 Jahren gelten wird. <strong>Die Aufenthaltsabgabe ist nicht im Hotelpreis enthalten und deshalb wird separat bezahlen muessen.<\/strong><\/li><\/ul>\t\t\t\t\t\t\t\t<\/div>\n\t\t\t\t<\/div>\n\t\t\t\t\t<\/div>\n\t\t<\/div>\n\t\t\t\t\t<\/div>\n\t\t<\/section>\n\t\t\t\t<section class=\"elementor-section elementor-top-section elementor-element elementor-element-df8baf5 elementor-section-boxed elementor-section-height-default elementor-section-height-default\" data-id=\"df8baf5\" data-element_type=\"section\" data-e-type=\"section\">\n\t\t\t\t\t\t<div class=\"elementor-container elementor-column-gap-default\">\n\t\t\t\t\t<div class=\"elementor-column elementor-col-100 elementor-top-column elementor-element elementor-element-980fbac\" data-id=\"980fbac\" data-element_type=\"column\" data-e-type=\"column\">\n\t\t\t<div class=\"elementor-widget-wrap elementor-element-populated\">\n\t\t\t\t\t\t<div class=\"elementor-element elementor-element-91ce7d6 elementor-widget elementor-widget-text-editor\" data-id=\"91ce7d6\" data-element_type=\"widget\" data-e-type=\"widget\" data-widget_type=\"text-editor.default\">\n\t\t\t\t<div class=\"elementor-widget-container\">\n\t\t\t\t\t\t\t\t\t<p><strong>BEI STORNIERUNG DER RESERVIERUNG, \u201cNO-SHOW\u201d ODER BEI VORZEITIGER ABREISE WIRD ES WIE FOLGEND ABGERECHNET:<\/strong><\/p><ul><li>Stornierungen die bis zu 15 Tage vor Anreisedatum erfolgen, sind kostenfrei.<\/li><li>Im Fall einer Stornierung nach dieser Frist oder Nichterscheinen wird die Anzahlung einbehalten.<\/li><li>Bei\u00a0vorzeitiger Abreise\u00a0wird das Hotel den\u00a0ganzen Reservierung-Zeitraum\u00a0auf jeden Fall berechnen.<\/li><\/ul>\t\t\t\t\t\t\t\t<\/div>\n\t\t\t\t<\/div>\n\t\t\t\t\t<\/div>\n\t\t<\/div>\n\t\t\t\t\t<\/div>\n\t\t<\/section>\n\t\t\t\t<\/div>\n\t\t","protected":false},"excerpt":{"rendered":"<p>ALLGEMEINE HINWEISE ALLGEMEINE BUCHUNGSBEDINGUNGEN ALLGEMEINE HINWEISE: Die Zimmer sind ab 13.00 Uhr am Anreisetag zur Verf\u00fcgung und m\u00fcssen vor 10.00 Uhr am Abreisetag frei lassen werden. Ankunftszeit m\u00f6glich von 13.00 bis 20.00 Uhr.Bitte informieren Sie das Hotel vorab, wenn Sie nach 20:00 Uhr anreisen. Check-in Zeit zwischen 23.00 und 07.00 Uhr ist nicht zugelassen. Die [&hellip;]<\/p>\n","protected":false},"author":1,"featured_media":0,"parent":0,"menu_order":0,"comment_status":"closed","ping_status":"closed","template":"","meta":{"footnotes":""},"class_list":["post-6926","page","type-page","status-publish","hentry"],"_links":{"self":[{"href":"https:\/\/www.villaederamalcesine.com\/gardasee\/wp-json\/wp\/v2\/pages\/6926","targetHints":{"allow":["GET"]}}],"collection":[{"href":"https:\/\/www.villaederamalcesine.com\/gardasee\/wp-json\/wp\/v2\/pages"}],"about":[{"href":"https:\/\/www.villaederamalcesine.com\/gardasee\/wp-json\/wp\/v2\/types\/page"}],"author":[{"embeddable":true,"href":"https:\/\/www.villaederamalcesine.com\/gardasee\/wp-json\/wp\/v2\/users\/1"}],"replies":[{"embeddable":true,"href":"https:\/\/www.villaederamalcesine.com\/gardasee\/wp-json\/wp\/v2\/comments?post=6926"}],"version-history":[{"count":19,"href":"https:\/\/www.villaederamalcesine.com\/gardasee\/wp-json\/wp\/v2\/pages\/6926\/revisions"}],"predecessor-version":[{"id":7213,"href":"https:\/\/www.villaederamalcesine.com\/gardasee\/wp-json\/wp\/v2\/pages\/6926\/revisions\/7213"}],"wp:attachment":[{"href":"https:\/\/www.villaederamalcesine.com\/gardasee\/wp-json\/wp\/v2\/media?parent=6926"}],"curies":[{"name":"wp","href":"https:\/\/api.w.org\/{rel}","templated":true}]}}